{"id":2,"date":"2021-07-18T18:59:39","date_gmt":"2021-07-18T18:59:39","guid":{"rendered":"http:\/\/akifabara.com\/?page_id=2"},"modified":"2021-07-19T02:13:32","modified_gmt":"2021-07-19T02:13:32","slug":"sample-page","status":"publish","type":"page","link":"https:\/\/akifabara.com\/?page_id=2","title":{"rendered":"Why"},"content":{"rendered":"\n<p>AKI FABARA<\/p>\n\n\n\n<p>Simple, aqu\u00ed es la tienda de Fabara. Los productos m\u00e1s extra\u00f1os est\u00e1n aqu\u00ed. <\/p>\n\n\n\n<p>\u00bfQui\u00e9n sabe lo que puedas encontrar en AKIFABARA?<\/p>\n\n\n\n<p>El que busca encuentra&#8230; <\/p>\n\n\n\n<p>Y si no lo encuentras: Escr\u00edbenos! <\/p>\n","protected":false},"excerpt":{"rendered":"<p>AKI FABARA Simple, aqu\u00ed es la tienda de Fabara. Los productos m\u00e1s extra\u00f1os est\u00e1n aqu\u00ed. \u00bfQui\u00e9n sabe lo que puedas encontrar en AKIFABARA? El que busca encuentra&#8230; Y si no lo encuentras: Escr\u00edbenos!<\/p>\n","protected":false},"author":1,"featured_media":0,"parent":0,"menu_order":0,"comment_status":"closed","ping_status":"closed","template":"","meta":{"om_disable_all_campaigns":false,"_monsterinsights_skip_tracking":false,"_monsterinsights_sitenote_active":false,"_monsterinsights_sitenote_note":"","_monsterinsights_sitenote_category":0,"footnotes":""},"class_list":["post-2","page","type-page","status-publish"],"aioseo_notices":[],"jetpack-related-posts":[],"jetpack_sharing_enabled":true,"_links":{"self":[{"href":"https:\/\/akifabara.com\/index.php?rest_route=\/wp\/v2\/pages\/2","targetHints":{"allow":["GET"]}}],"collection":[{"href":"https:\/\/akifabara.com\/index.php?rest_route=\/wp\/v2\/pages"}],"about":[{"href":"https:\/\/akifabara.com\/index.php?rest_route=\/wp\/v2\/types\/page"}],"author":[{"embeddable":true,"href":"https:\/\/akifabara.com\/index.php?rest_route=\/wp\/v2\/users\/1"}],"replies":[{"embeddable":true,"href":"https:\/\/akifabara.com\/index.php?rest_route=%2Fwp%2Fv2%2Fcomments&post=2"}],"version-history":[{"count":2,"href":"https:\/\/akifabara.com\/index.php?rest_route=\/wp\/v2\/pages\/2\/revisions"}],"predecessor-version":[{"id":35,"href":"https:\/\/akifabara.com\/index.php?rest_route=\/wp\/v2\/pages\/2\/revisions\/35"}],"wp:attachment":[{"href":"https:\/\/akifabara.com\/index.php?rest_route=%2Fwp%2Fv2%2Fmedia&parent=2"}],"curies":[{"name":"wp","href":"https:\/\/api.w.org\/{rel}","templated":true}]}}